{"id":4,"date":"2026-03-29T22:54:56","date_gmt":"2026-03-29T22:54:56","guid":{"rendered":"https:\/\/nefejkuj.sk\/?page_id=4"},"modified":"2026-03-29T22:54:56","modified_gmt":"2026-03-29T22:54:56","slug":"uvodni-stranka","status":"publish","type":"page","link":"https:\/\/nefejkuj.sk\/","title":{"rendered":"\u00davodn\u00ed str\u00e1nka"},"content":{"rendered":"\n\n<div class=\"wp-block-cover alignfull is-light has-parallax has-custom-content-position is-position-center-left wp-duotone-unset-1\" style=\"padding-right:var(--wp--preset--spacing--80);padding-left:var(--wp--preset--spacing--80);min-height:100vh;aspect-ratio:unset;\"><div class=\"wp-block-cover__image-background wp-image-21 size-full has-parallax\" style=\"background-position:50% 50%;background-image:url(https:\/\/kqpq.138.sodew.ai\/wp-content\/uploads\/2025\/11\/pozady-1-scaled.jpg)\"><\/div><span aria-hidden=\"true\" class=\"wp-block-cover__background has-background-dim-0 has-background-dim\"><\/span><div class=\"wp-block-cover__inner-container has-global-padding is-layout-constrained wp-container-core-cover-is-layout-caa2d89a wp-block-cover-is-layout-constrained\">\n<figure class=\"wp-block-image size-large is-resized\"><img decoding=\"async\" src=\"https:\/\/kqpq.138.sodew.ai\/wp-content\/uploads\/2025\/11\/VEDOS-Hosting-logo-1024x128.png\" alt=\"\" class=\"wp-image-13\" style=\"width:414px;height:auto\" \/><\/figure>\n\n\n\n<div style=\"height:40px\" aria-hidden=\"true\" class=\"wp-block-spacer\"><\/div>\n\n\n\n<div class=\"wp-block-group is-nowrap is-layout-flex wp-container-core-group-is-layout-6c531013 wp-block-group-is-layout-flex\">\n<h1 class=\"wp-block-heading has-text-align-left is-style-default has-text-color has-link-color has-xx-large-font-size wp-elements-91db15f200395e894502076845b844a2\" style=\"color:#2d3c58\">V\u00edt\u00e1 v\u00e1s Hosting WP<\/h1>\n<\/div>\n\n\n\n<p class=\"has-text-color has-link-color wp-elements-31cc3abd47996014e1606b4649532c79\" style=\"color:#2d3c58\">Hosting WP od VEDOS s <strong>LiteSpeed serverem<\/strong> a <strong>Redis cache<\/strong> dod\u00e1 va\u0161emu WordPressu brut\u00e1ln\u00ed v\u00fdkon, okam\u017eit\u00e9 na\u010d\u00edt\u00e1n\u00ed a jasn\u00fd n\u00e1skok p\u0159ed konkurenc\u00ed. Google i z\u00e1kazn\u00edci to miluj\u00ed!<\/p>\n\n\n\n<div class=\"wp-block-buttons is-layout-flex wp-block-buttons-is-layout-flex\">\n<div class=\"wp-block-button\"><a class=\"wp-block-button__link has-background wp-element-button\" href=\"\/wp-admin\" style=\"background-color:#0621aa\"><strong>Za\u010dn\u011bte zde<\/strong><\/a><\/div>\n\n\n\n<div class=\"wp-block-button\"><a class=\"wp-block-button__link has-background wp-element-button\" href=\"https:\/\/kb.vedos.cz\/hosting-wp\/\" style=\"background-color:#0621aa\" target=\"_blank\" rel=\"noreferrer noopener\">Znalostn\u00ed b\u00e1ze<\/a><\/div>\n<\/div>\n<\/div><\/div>\n\n","protected":false},"excerpt":{"rendered":"","protected":false},"author":0,"featured_media":0,"parent":0,"menu_order":0,"comment_status":"closed","ping_status":"closed","template":"page-home-blank.php","meta":{"footnotes":""},"class_list":["post-4","page","type-page","status-publish","hentry"],"_links":{"self":[{"href":"https:\/\/nefejkuj.sk\/index.php?rest_route=\/wp\/v2\/pages\/4","targetHints":{"allow":["GET"]}}],"collection":[{"href":"https:\/\/nefejkuj.sk\/index.php?rest_route=\/wp\/v2\/pages"}],"about":[{"href":"https:\/\/nefejkuj.sk\/index.php?rest_route=\/wp\/v2\/types\/page"}],"replies":[{"embeddable":true,"href":"https:\/\/nefejkuj.sk\/index.php?rest_route=%2Fwp%2Fv2%2Fcomments&post=4"}],"version-history":[{"count":1,"href":"https:\/\/nefejkuj.sk\/index.php?rest_route=\/wp\/v2\/pages\/4\/revisions"}],"predecessor-version":[{"id":5,"href":"https:\/\/nefejkuj.sk\/index.php?rest_route=\/wp\/v2\/pages\/4\/revisions\/5"}],"wp:attachment":[{"href":"https:\/\/nefejkuj.sk\/index.php?rest_route=%2Fwp%2Fv2%2Fmedia&parent=4"}],"curies":[{"name":"wp","href":"https:\/\/api.w.org\/{rel}","templated":true}]}}